{"id":842,"date":"2025-11-06T17:46:29","date_gmt":"2025-11-06T15:46:29","guid":{"rendered":"https:\/\/vechituriepocadeaur.ro\/?post_type=product&#038;p=842"},"modified":"2025-11-06T17:46:32","modified_gmt":"2025-11-06T15:46:32","slug":"set-de-sah-vintage-bohemia-kh-70-mm-anii-60-70","status":"publish","type":"product","link":"https:\/\/vechituriepocadeaur.ro\/ro\/produs\/set-de-sah-vintage-bohemia-kh-70-mm-anii-60-70\/","title":{"rendered":"Set de \u0219ah vintage Bohemia KH 70 mm anii &#8217;60 &#8211; &#8217;70"},"content":{"rendered":"<div dir=\"auto\"><strong>Set de \u0219ah vintage Bohemia KH 70 mm anii &#8217;60 &#8211; &#8217;70<\/strong><\/div>\n<div dir=\"auto\">pret : 120 lei<\/div>\n<div dir=\"auto\">stare buna<\/div>\n<div dir=\"auto\">Acesta este un set de \u0219ah \u201eBohemia\u201d de m\u0103rime medie, fabricat \u00een Germania, \u00een anii 1960 &#8211; 1970<\/div>\n<div dir=\"auto\">Setul este format din 32 de piese de \u0219ah din lemn, \u00eenso\u021bite de o cutie de depozitare din carton<\/div>\n<div dir=\"auto\">Cavalerii sunt sculpta\u021bi \u00eentr-o form\u0103 distinct\u0103, cunoscut\u0103 sub numele de \u201ecavaler de pui\u201d<\/div>\n<div dir=\"auto\">Dimensiuni<\/div>\n<div dir=\"auto\">Rege: 7 cm<\/div>\n<div dir=\"auto\">Pion 3,5 cm<\/div>\n<div dir=\"auto\">Dimensiunile cutiei: 15 x 10 x 5 cm<\/div>","protected":false},"excerpt":{"rendered":"<p>Set de \u0219ah vintage Bohemia KH 70 mm anii &#8217;60 &#8211; &#8217;70 pret : 120 lei stare buna Acesta este un set de \u0219ah \u201eBohemia\u201d de m\u0103rime medie, fabricat \u00een Germania, \u00een anii 1960 &#8211; 1970 Setul este format din 32 de piese de \u0219ah din lemn, \u00eenso\u021bite de o cutie de depozitare din carton [&#8230;]\n","protected":false},"featured_media":848,"comment_status":"open","ping_status":"closed","template":"","meta":{"pagelayer_contact_templates":[],"_pagelayer_content":""},"product_brand":[],"product_cat":[201],"product_tag":[111,112,203,202],"class_list":{"0":"post-842","1":"product","2":"type-product","3":"status-publish","4":"has-post-thumbnail","6":"product_cat-table-si-sah","7":"product_tag-anii70-anii80","8":"product_tag-comunism","9":"product_tag-piese","10":"product_tag-sah","12":"first","13":"instock","14":"taxable","15":"shipping-taxable","16":"purchasable","17":"product-type-simple"},"_links":{"self":[{"href":"https:\/\/vechituriepocadeaur.ro\/ro\/wp-json\/wp\/v2\/product\/842","targetHints":{"allow":["GET"]}}],"collection":[{"href":"https:\/\/vechituriepocadeaur.ro\/ro\/wp-json\/wp\/v2\/product"}],"about":[{"href":"https:\/\/vechituriepocadeaur.ro\/ro\/wp-json\/wp\/v2\/types\/product"}],"replies":[{"embeddable":true,"href":"https:\/\/vechituriepocadeaur.ro\/ro\/wp-json\/wp\/v2\/comments?post=842"}],"wp:featuredmedia":[{"embeddable":true,"href":"https:\/\/vechituriepocadeaur.ro\/ro\/wp-json\/wp\/v2\/media\/848"}],"wp:attachment":[{"href":"https:\/\/vechituriepocadeaur.ro\/ro\/wp-json\/wp\/v2\/media?parent=842"}],"wp:term":[{"taxonomy":"product_brand","embeddable":true,"href":"https:\/\/vechituriepocadeaur.ro\/ro\/wp-json\/wp\/v2\/product_brand?post=842"},{"taxonomy":"product_cat","embeddable":true,"href":"https:\/\/vechituriepocadeaur.ro\/ro\/wp-json\/wp\/v2\/product_cat?post=842"},{"taxonomy":"product_tag","embeddable":true,"href":"https:\/\/vechituriepocadeaur.ro\/ro\/wp-json\/wp\/v2\/product_tag?post=842"}],"curies":[{"name":"wp","href":"https:\/\/api.w.org\/{rel}","templated":true}]}}