{"id":874,"date":"2025-11-06T18:04:01","date_gmt":"2025-11-06T16:04:01","guid":{"rendered":"https:\/\/vechituriepocadeaur.ro\/?post_type=product&#038;p=874"},"modified":"2026-01-24T10:35:36","modified_gmt":"2026-01-24T08:35:36","slug":"jucarie-chinezeasca-tobosar-anii-70","status":"publish","type":"product","link":"https:\/\/vechituriepocadeaur.ro\/ro\/produs\/jucarie-chinezeasca-tobosar-anii-70\/","title":{"rendered":"Juc\u0103rie Vintage de Colec\u021bie \u2013 \u201eChild Beating Drum\u201d \u2013 China, anii &#8217;60-&#8217;70"},"content":{"rendered":"<div class=\"html-div xdj266r x14z9mp xat24cr x1lziwak xexx8yu xyri2b x18d9i69 x1c1uobl\" tabindex=\"-1\">\n<div>\n<p data-path-to-node=\"4\"><b data-path-to-node=\"4\" data-index-in-node=\"0\">Juc\u0103rie Vintage de Colec\u021bie \u2013 \u201eChild Beating Drum\u201d \u2013 China, anii &#8217;60-&#8217;70<\/b><\/p>\n<p data-path-to-node=\"5\">V\u00e2nd juc\u0103rie mecanic\u0103 rar\u0103, \u201eChild Beating Drum\u201d, un obiect autentic de colec\u021bie fabricat \u00een China \u00een perioada anilor 1960-1970.<\/p>\n<ul data-path-to-node=\"6\">\n<li>\n<p data-path-to-node=\"6,0,0\"><b data-path-to-node=\"6,0,0\" data-index-in-node=\"0\">Detalii:<\/b> Juc\u0103ria reprezint\u0103 un copil care bate la o tob\u0103 decorat\u0103 cu un ursule\u021b, fiind montat pe o platform\u0103 cu ro\u021bi.<\/p>\n<\/li>\n<li>\n<p data-path-to-node=\"6,1,0\"><b data-path-to-node=\"6,1,0\" data-index-in-node=\"0\">Materiale:<\/b> Combina\u021bie de tabl\u0103 litografiat\u0103 \u0219i elemente din plastic\/material textil.<\/p>\n<\/li>\n<li>\n<p data-path-to-node=\"6,2,0\"><b data-path-to-node=\"6,2,0\" data-index-in-node=\"0\">Stare:<\/b> Piesa vine \u00eenso\u021bit\u0103 de <b data-path-to-node=\"6,2,0\" data-index-in-node=\"30\">cutia original\u0103<\/b>,<\/p>\n<\/li>\n<li>\n<p data-path-to-node=\"6,3,0\"><b data-path-to-node=\"6,3,0\" data-index-in-node=\"0\">Mecanism:<\/b> Func\u021bioneaz\u0103 pe baz\u0103 de chei\u021b\u0103 (mecanism clockwork).<\/p>\n<\/li>\n<\/ul>\n<p data-path-to-node=\"7\">O pies\u0103 deosebit\u0103 pentru pasiona\u021bii de juc\u0103rii vechi chineze\u0219ti sau pentru decor retro.<\/p>\n<\/div>\n<div><\/div>\n<div><\/div>\n<div><\/div>\n<div><\/div>\n<div><\/div>\n<div><\/div>\n<div><\/div>\n<div><\/div>\n<\/div>\n<div class=\"html-div xdj266r x14z9mp xat24cr x1lziwak xexx8yu xyri2b x18d9i69 x1c1uobl\" tabindex=\"-1\">\n<div class=\"html-div xdj266r x14z9mp x1lziwak xexx8yu xyri2b x18d9i69 x1c1uobl x1e56ztr\"><\/div>\n<\/div>","protected":false},"excerpt":{"rendered":"<p>Juc\u0103rie Vintage de Colec\u021bie \u2013 \u201eChild Beating Drum\u201d \u2013 China, anii &#8217;60-&#8217;70 V\u00e2nd juc\u0103rie mecanic\u0103 rar\u0103, \u201eChild Beating Drum\u201d, un obiect autentic de colec\u021bie fabricat \u00een China \u00een perioada anilor 1960-1970. Detalii: Juc\u0103ria reprezint\u0103 un copil care bate la o tob\u0103 decorat\u0103 cu un ursule\u021b, fiind montat pe o platform\u0103 cu ro\u021bi. Materiale: Combina\u021bie de [&#8230;]\n","protected":false},"featured_media":881,"comment_status":"open","ping_status":"closed","template":"","meta":{"pagelayer_contact_templates":[],"_pagelayer_content":""},"product_brand":[],"product_cat":[45],"product_tag":[111,211,109,212],"class_list":{"0":"post-874","1":"product","2":"type-product","3":"status-publish","4":"has-post-thumbnail","6":"product_cat-jucarii-vechi","7":"product_tag-anii70-anii80","8":"product_tag-china","9":"product_tag-jucarie","10":"product_tag-tabla","12":"first","13":"instock","14":"taxable","15":"shipping-taxable","16":"purchasable","17":"product-type-simple"},"_links":{"self":[{"href":"https:\/\/vechituriepocadeaur.ro\/ro\/wp-json\/wp\/v2\/product\/874","targetHints":{"allow":["GET"]}}],"collection":[{"href":"https:\/\/vechituriepocadeaur.ro\/ro\/wp-json\/wp\/v2\/product"}],"about":[{"href":"https:\/\/vechituriepocadeaur.ro\/ro\/wp-json\/wp\/v2\/types\/product"}],"replies":[{"embeddable":true,"href":"https:\/\/vechituriepocadeaur.ro\/ro\/wp-json\/wp\/v2\/comments?post=874"}],"wp:featuredmedia":[{"embeddable":true,"href":"https:\/\/vechituriepocadeaur.ro\/ro\/wp-json\/wp\/v2\/media\/881"}],"wp:attachment":[{"href":"https:\/\/vechituriepocadeaur.ro\/ro\/wp-json\/wp\/v2\/media?parent=874"}],"wp:term":[{"taxonomy":"product_brand","embeddable":true,"href":"https:\/\/vechituriepocadeaur.ro\/ro\/wp-json\/wp\/v2\/product_brand?post=874"},{"taxonomy":"product_cat","embeddable":true,"href":"https:\/\/vechituriepocadeaur.ro\/ro\/wp-json\/wp\/v2\/product_cat?post=874"},{"taxonomy":"product_tag","embeddable":true,"href":"https:\/\/vechituriepocadeaur.ro\/ro\/wp-json\/wp\/v2\/product_tag?post=874"}],"curies":[{"name":"wp","href":"https:\/\/api.w.org\/{rel}","templated":true}]}}